{"id":1648,"date":"2023-11-21T20:25:06","date_gmt":"2023-11-21T20:25:06","guid":{"rendered":"https:\/\/naturhex.com\/uber-uns\/"},"modified":"2025-07-29T16:31:21","modified_gmt":"2025-07-29T16:31:21","slug":"uber-uns","status":"publish","type":"page","link":"https:\/\/naturhex.com\/de\/uber-uns\/","title":{"rendered":"\u00dcber Uns"},"content":{"rendered":"\t\t<div data-elementor-type=\"wp-page\" data-elementor-id=\"1648\" class=\"elementor elementor-1648 elementor-69\" data-elementor-post-type=\"page\">\n\t\t\t\t<div class=\"elementor-element elementor-element-4cadf51 e-con-full wd-section-stretch e-flex e-con e-parent\" data-id=\"4cadf51\" data-element_type=\"container\" data-e-type=\"container\" data-settings=\"{&quot;background_background&quot;:&quot;classic&quot;}\">\n\t\t<div class=\"elementor-element elementor-element-2e54485 e-con-full e-flex wd-section-disabled e-con e-child\" data-id=\"2e54485\" data-element_type=\"container\" data-e-type=\"container\">\n\t\t\t\t<\/div>\n\t\t<div class=\"elementor-element elementor-element-90c3b6b e-con-full e-flex wd-section-disabled e-con e-child\" data-id=\"90c3b6b\" data-element_type=\"container\" data-e-type=\"container\">\n\t\t\t\t<div class=\"elementor-element elementor-element-038b04c elementor-invisible elementor-widget elementor-widget-heading\" data-id=\"038b04c\" data-element_type=\"widget\" data-e-type=\"widget\" data-settings=\"{&quot;_animation&quot;:&quot;fadeInRight&quot;,&quot;_animation_mobile&quot;:&quot;fadeInUp&quot;}\" data-widget_type=\"heading.default\">\n\t\t\t\t<div class=\"elementor-widget-container\">\n\t\t\t\t\t<h2 class=\"elementor-heading-title elementor-size-default\">Hochentwickelte Produkte F\u00fcr Ihre Sicherheit<\/h2>\t\t\t\t<\/div>\n\t\t\t\t<\/div>\n\t\t\t\t<div class=\"elementor-element elementor-element-505f8d9 elementor-align-center elementor-invisible elementor-widget elementor-widget-button\" data-id=\"505f8d9\" data-element_type=\"widget\" data-e-type=\"widget\" data-settings=\"{&quot;_animation&quot;:&quot;fadeInRight&quot;,&quot;_animation_delay&quot;:600,&quot;_animation_mobile&quot;:&quot;fadeInUp&quot;}\" data-widget_type=\"button.default\">\n\t\t\t\t<div class=\"elementor-widget-container\">\n\t\t\t\t\t\t\t\t\t<div class=\"elementor-button-wrapper\">\n\t\t\t\t\t<a class=\"elementor-button elementor-button-link elementor-size-md\" href=\"https:\/\/naturhex.com\/de\/kontakt\/\">\n\t\t\t\t\t\t<span class=\"elementor-button-content-wrapper\">\n\t\t\t\t\t\t\t\t\t<span class=\"elementor-button-text\">Kontact Uns<\/span>\n\t\t\t\t\t<\/span>\n\t\t\t\t\t<\/a>\n\t\t\t\t<\/div>\n\t\t\t\t\t\t\t\t<\/div>\n\t\t\t\t<\/div>\n\t\t\t\t<\/div>\n\t\t\t\t<\/div>\n\t\t<div class=\"elementor-element elementor-element-9112e03 e-flex e-con-boxed wd-section-disabled e-con e-parent\" data-id=\"9112e03\" data-element_type=\"container\" data-e-type=\"container\">\n\t\t\t\t\t<div class=\"e-con-inner\">\n\t\t<div class=\"elementor-element elementor-element-c6ab18c e-con-full e-flex wd-section-disabled e-con e-child\" data-id=\"c6ab18c\" data-element_type=\"container\" data-e-type=\"container\">\n\t\t\t\t<div class=\"elementor-element elementor-element-67d37a6 elementor-widget elementor-widget-heading\" data-id=\"67d37a6\" data-element_type=\"widget\" data-e-type=\"widget\" data-widget_type=\"heading.default\">\n\t\t\t\t<div class=\"elementor-widget-container\">\n\t\t\t\t\t<h1 class=\"elementor-heading-title elementor-size-default\">\u00dcber Uns<\/h1>\t\t\t\t<\/div>\n\t\t\t\t<\/div>\n\t\t\t\t<div class=\"elementor-element elementor-element-ee50fa9 color-scheme-inherit text-left elementor-widget elementor-widget-text-editor\" data-id=\"ee50fa9\" data-element_type=\"widget\" data-e-type=\"widget\" data-widget_type=\"text-editor.default\">\n\t\t\t\t<div class=\"elementor-widget-container\">\n\t\t\t\t\t\t\t\t\t<p>Die Marke NaturHex wurde auf der Grundlage unserer Begegnungen und der Wissenschaft \u00fcber die Sch\u00f6nheit der Haut gegr\u00fcndet. NaturHex brachte eine ungewohnte Hautpflegebeteiligung mit unserer Kollektion mit moderner Innovation ins Schaufenster, f\u00fcr Damen, die Hautpflege mit einem wirklich leichten Gef\u00fchl brauchen, aber ohne Kompromisse bei der Ausf\u00fchrung zu machen.<\/p>\n<p>NaturHex hat es sich zur Aufgabe gemacht, seinen Kunden kompromisslose Produkte zu bieten, die tats\u00e4chlich funktionieren. NaturHex ist ein ergebnisorientiertes, dynamisches Unternehmen mit einer langen Geschichte der Neudefinition dessen, was in der Hautpflege m\u00f6glich ist. Es steht niemals still.<\/p>\n\t\t\t\t\t\t\t\t<\/div>\n\t\t\t\t<\/div>\n\t\t\t\t<\/div>\n\t\t<div class=\"elementor-element elementor-element-4b9efb8 e-con-full e-flex wd-section-disabled e-con e-child\" data-id=\"4b9efb8\" data-element_type=\"container\" data-e-type=\"container\">\n\t\t\t\t<div class=\"elementor-element elementor-element-9400806 elementor-widget elementor-widget-image\" data-id=\"9400806\" data-element_type=\"widget\" data-e-type=\"widget\" data-widget_type=\"image.default\">\n\t\t\t\t<div class=\"elementor-widget-container\">\n\t\t\t\t\t\t\t\t\t\t\t\t\t\t\t<img fetchpriority=\"high\" decoding=\"async\" width=\"1024\" height=\"684\" src=\"https:\/\/naturhex.com\/wp-content\/uploads\/2023\/11\/naturhex12-1024x684.webp\" class=\"attachment-large size-large wp-image-800\" alt=\"\" srcset=\"https:\/\/naturhex.com\/wp-content\/uploads\/2023\/11\/naturhex12-1024x684.webp 1024w, https:\/\/naturhex.com\/wp-content\/uploads\/2023\/11\/naturhex12-300x200.webp 300w, https:\/\/naturhex.com\/wp-content\/uploads\/2023\/11\/naturhex12-768x513.webp 768w, https:\/\/naturhex.com\/wp-content\/uploads\/2023\/11\/naturhex12-600x401.webp 600w, https:\/\/naturhex.com\/wp-content\/uploads\/2023\/11\/naturhex12-150x100.webp 150w, https:\/\/naturhex.com\/wp-content\/uploads\/2023\/11\/naturhex12.webp 1300w\" sizes=\"(max-width: 1024px) 100vw, 1024px\" \/>\t\t\t\t\t\t\t\t\t\t\t\t\t\t\t<\/div>\n\t\t\t\t<\/div>\n\t\t\t\t<\/div>\n\t\t\t\t\t<\/div>\n\t\t\t\t<\/div>\n\t\t\t\t<\/div>\n\t\t","protected":false},"excerpt":{"rendered":"<p>Hochentwickelte Produkte F\u00fcr Ihre Sicherheit Kontact Uns \u00dcber Uns Die Marke NaturHex wurde auf der Grundlage unserer Begegnungen und der<\/p>\n","protected":false},"author":1,"featured_media":0,"parent":0,"menu_order":0,"comment_status":"closed","ping_status":"closed","template":"","meta":{"footnotes":""},"class_list":["post-1648","page","type-page","status-publish","hentry"],"_links":{"self":[{"href":"https:\/\/naturhex.com\/de\/wp-json\/wp\/v2\/pages\/1648","targetHints":{"allow":["GET"]}}],"collection":[{"href":"https:\/\/naturhex.com\/de\/wp-json\/wp\/v2\/pages"}],"about":[{"href":"https:\/\/naturhex.com\/de\/wp-json\/wp\/v2\/types\/page"}],"author":[{"embeddable":true,"href":"https:\/\/naturhex.com\/de\/wp-json\/wp\/v2\/users\/1"}],"replies":[{"embeddable":true,"href":"https:\/\/naturhex.com\/de\/wp-json\/wp\/v2\/comments?post=1648"}],"version-history":[{"count":5,"href":"https:\/\/naturhex.com\/de\/wp-json\/wp\/v2\/pages\/1648\/revisions"}],"predecessor-version":[{"id":2394,"href":"https:\/\/naturhex.com\/de\/wp-json\/wp\/v2\/pages\/1648\/revisions\/2394"}],"wp:attachment":[{"href":"https:\/\/naturhex.com\/de\/wp-json\/wp\/v2\/media?parent=1648"}],"curies":[{"name":"wp","href":"https:\/\/api.w.org\/{rel}","templated":true}]}}