{"id":1650,"date":"2023-11-21T20:29:18","date_gmt":"2023-11-21T20:29:18","guid":{"rendered":"https:\/\/naturhex.com\/schonheitswissenschaft-und-technologie\/"},"modified":"2025-07-29T16:32:39","modified_gmt":"2025-07-29T16:32:39","slug":"schonheitswissenschaft-und-technologie","status":"publish","type":"page","link":"https:\/\/naturhex.com\/de\/schonheitswissenschaft-und-technologie\/","title":{"rendered":"Sch\u00f6nheitswissenschaft Und Technologie"},"content":{"rendered":"\t\t<div data-elementor-type=\"wp-page\" data-elementor-id=\"1650\" class=\"elementor elementor-1650 elementor-73\" data-elementor-post-type=\"page\">\n\t\t\t\t<div class=\"elementor-element elementor-element-eb455c4 e-con-full wd-section-stretch e-flex e-con e-parent\" data-id=\"eb455c4\" data-element_type=\"container\" data-e-type=\"container\" data-settings=\"{&quot;background_background&quot;:&quot;classic&quot;}\">\n\t\t<div class=\"elementor-element elementor-element-dd5f3fb e-con-full e-flex wd-section-disabled e-con e-child\" data-id=\"dd5f3fb\" data-element_type=\"container\" data-e-type=\"container\">\n\t\t\t\t<\/div>\n\t\t<div class=\"elementor-element elementor-element-a3ede35 e-con-full e-flex wd-section-disabled e-con e-child\" data-id=\"a3ede35\" data-element_type=\"container\" data-e-type=\"container\">\n\t\t\t\t<div class=\"elementor-element elementor-element-2b78044 elementor-invisible elementor-widget elementor-widget-heading\" data-id=\"2b78044\" data-element_type=\"widget\" data-e-type=\"widget\" data-settings=\"{&quot;_animation&quot;:&quot;fadeInRight&quot;,&quot;_animation_mobile&quot;:&quot;fadeInUp&quot;}\" data-widget_type=\"heading.default\">\n\t\t\t\t<div class=\"elementor-widget-container\">\n\t\t\t\t\t<h2 class=\"elementor-heading-title elementor-size-default\">Naturkosmetik F\u00fcr Eine Sanfte Hautpflege<\/h2>\t\t\t\t<\/div>\n\t\t\t\t<\/div>\n\t\t\t\t<div class=\"elementor-element elementor-element-8450fe1 elementor-align-center elementor-invisible elementor-widget elementor-widget-button\" data-id=\"8450fe1\" data-element_type=\"widget\" data-e-type=\"widget\" data-settings=\"{&quot;_animation&quot;:&quot;fadeInUp&quot;,&quot;_animation_delay&quot;:600,&quot;_animation_mobile&quot;:&quot;fadeInUp&quot;}\" data-widget_type=\"button.default\">\n\t\t\t\t<div class=\"elementor-widget-container\">\n\t\t\t\t\t\t\t\t\t<div class=\"elementor-button-wrapper\">\n\t\t\t\t\t<a class=\"elementor-button elementor-button-link elementor-size-md\" href=\"https:\/\/naturhex.com\/de\/uber-uns\/\">\n\t\t\t\t\t\t<span class=\"elementor-button-content-wrapper\">\n\t\t\t\t\t\t\t\t\t<span class=\"elementor-button-text\">\u00dcber Uns<\/span>\n\t\t\t\t\t<\/span>\n\t\t\t\t\t<\/a>\n\t\t\t\t<\/div>\n\t\t\t\t\t\t\t\t<\/div>\n\t\t\t\t<\/div>\n\t\t\t\t<\/div>\n\t\t\t\t<\/div>\n\t\t<div class=\"elementor-element elementor-element-18db3ff e-flex e-con-boxed wd-section-disabled e-con e-parent\" data-id=\"18db3ff\" data-element_type=\"container\" data-e-type=\"container\">\n\t\t\t\t\t<div class=\"e-con-inner\">\n\t\t<div class=\"elementor-element elementor-element-ef98c1d e-con-full e-flex wd-section-disabled e-con e-child\" data-id=\"ef98c1d\" data-element_type=\"container\" data-e-type=\"container\">\n\t\t\t\t<div class=\"elementor-element elementor-element-2377a1f elementor-widget elementor-widget-heading\" data-id=\"2377a1f\" data-element_type=\"widget\" data-e-type=\"widget\" data-widget_type=\"heading.default\">\n\t\t\t\t<div class=\"elementor-widget-container\">\n\t\t\t\t\t<h1 class=\"elementor-heading-title elementor-size-default\">Sch\u00f6nheitswissenschaft Und Technologie<\/h1>\t\t\t\t<\/div>\n\t\t\t\t<\/div>\n\t\t\t\t<div class=\"elementor-element elementor-element-dbcbd07 color-scheme-inherit text-left elementor-widget elementor-widget-text-editor\" data-id=\"dbcbd07\" data-element_type=\"widget\" data-e-type=\"widget\" data-widget_type=\"text-editor.default\">\n\t\t\t\t<div class=\"elementor-widget-container\">\n\t\t\t\t\t\t\t\t\t<p>Wenn CO2 in die Haut infundiert wird, diffundiert es sofort in die kutane und muskul\u00e4re Mikrozirkulationsebene, was zu einer h\u00f6heren Sauerstoffversorgung des Gewebes und zur Neoangiogenese f\u00fchrt. Die topische Anwendung von Kohlendioxid schafft ein saures Milieu in der Haut. Wenn CO2 in die Haut infundiert wird, diffundiert es sofort in die kutane und muskul\u00e4re Mikrozirkulationsebene. Dies l\u00f6st die Reaktion des K\u00f6rpers auf eine Abnahme der Affinit\u00e4t des H\u00e4moglobins f\u00fcr Sauerstoff aus, die auf einen Anstieg des CO2 und eine erh\u00f6hte Sauerstoffzufuhr zum behandelten Bereich zur\u00fcckzuf\u00fchren ist, zusammen mit vaskul\u00e4ren endothelialen Wachstumsfaktoren. Nach der Behandlung verbessern sich die Sauerstoffverteilung und die Mikrozirkulation in der Haut. Auch die Lymphdrainage wird verbessert, was die Regeneration der Haut f\u00f6rdert. Die erh\u00f6hte Sauerstoffzufuhr und die verbesserte Durchblutung erm\u00f6glichen die Akkumulation von nat\u00fcrlichen Wachstumsfaktoren. Die Hautregeneration erfolgt durch die Bildung neuer Blutgef\u00e4\u00dfe (Angiogenese) und Lymphgef\u00e4\u00dfe (Lymphangiogenese). Insgesamt zielt die Kaskade von Effekten, die durch die Absorption von Kohlendioxid in die Haut stimuliert wird, darauf ab, die Haut durch verbesserte Sauerstoffversorgung, Durchblutung und Wachstumsfaktoren zu regenerieren und zu verj\u00fcngen.<\/p>\n<p><strong>Zukunft <\/strong><\/p>\n<p>Exosome mesenchymaler Stammzellen (MSCs) werden aufgrund ihrer entz\u00fcndungshemmenden und therapeutischen Eigenschaften als Bestandteil kosmetischer Hautpflegeprodukte und Kosmetika verwendet. Wachstumsfaktoren, Zytokine und microRNAs sind nur einige der Substanzen, die in MSC-abgeleiteten Exosomen vorkommen und das Erscheinungsbild gealterter Haut verbessern k\u00f6nnen. Aus MSCs stammende Exosomen k\u00f6nnen zur F\u00f6rderung der Kollagensynthese beitragen, die notwendig ist, um die Geschmeidigkeit der Haut zu bewahren und die Sichtbarkeit feiner Linien und F\u00e4ltchen zu reduzieren. Aus MSCs extrahierte Exosomen k\u00f6nnen auch den Hautton und die Hautstruktur verbessern und so die allgemeine Hautgesundheit beeintr\u00e4chtigen und verbessern.<\/p>\n<p>Unser Unternehmen hat gezeigt, dass Anti-Aging-Produkte, die von MSC abgeleitete Exosomen enthalten, die Hauterneuerung und -regeneration erfolgreicher f\u00f6rdern. F\u00fcr diejenigen, die nach nicht-invasiven, nicht-chirurgischen Anti-Aging-Therapien suchen, k\u00f6nnte dies hilfreich sein.<\/p>\n\t\t\t\t\t\t\t\t<\/div>\n\t\t\t\t<\/div>\n\t\t\t\t<\/div>\n\t\t<div class=\"elementor-element elementor-element-eeb4da3 e-con-full e-flex wd-section-disabled e-con e-child\" data-id=\"eeb4da3\" data-element_type=\"container\" data-e-type=\"container\">\n\t\t\t\t<div class=\"elementor-element elementor-element-410bb0a elementor-widget elementor-widget-image\" data-id=\"410bb0a\" data-element_type=\"widget\" data-e-type=\"widget\" data-widget_type=\"image.default\">\n\t\t\t\t<div class=\"elementor-widget-container\">\n\t\t\t\t\t\t\t\t\t\t\t\t\t\t\t<img fetchpriority=\"high\" decoding=\"async\" width=\"800\" height=\"533\" src=\"https:\/\/naturhex.com\/wp-content\/uploads\/2023\/12\/Beauty-Science-Technology.webp\" class=\"attachment-large size-large wp-image-1753\" alt=\"\" srcset=\"https:\/\/naturhex.com\/wp-content\/uploads\/2023\/12\/Beauty-Science-Technology.webp 800w, https:\/\/naturhex.com\/wp-content\/uploads\/2023\/12\/Beauty-Science-Technology-300x200.webp 300w, https:\/\/naturhex.com\/wp-content\/uploads\/2023\/12\/Beauty-Science-Technology-768x512.webp 768w, https:\/\/naturhex.com\/wp-content\/uploads\/2023\/12\/Beauty-Science-Technology-600x400.webp 600w, https:\/\/naturhex.com\/wp-content\/uploads\/2023\/12\/Beauty-Science-Technology-150x100.webp 150w\" sizes=\"(max-width: 800px) 100vw, 800px\" \/>\t\t\t\t\t\t\t\t\t\t\t\t\t\t\t<\/div>\n\t\t\t\t<\/div>\n\t\t\t\t<\/div>\n\t\t\t\t\t<\/div>\n\t\t\t\t<\/div>\n\t\t\t\t<\/div>\n\t\t","protected":false},"excerpt":{"rendered":"<p>Naturkosmetik F\u00fcr Eine Sanfte Hautpflege \u00dcber Uns Sch\u00f6nheitswissenschaft Und Technologie Wenn CO2 in die Haut infundiert wird, diffundiert es sofort<\/p>\n","protected":false},"author":1,"featured_media":0,"parent":0,"menu_order":0,"comment_status":"closed","ping_status":"closed","template":"","meta":{"footnotes":""},"class_list":["post-1650","page","type-page","status-publish","hentry"],"_links":{"self":[{"href":"https:\/\/naturhex.com\/de\/wp-json\/wp\/v2\/pages\/1650","targetHints":{"allow":["GET"]}}],"collection":[{"href":"https:\/\/naturhex.com\/de\/wp-json\/wp\/v2\/pages"}],"about":[{"href":"https:\/\/naturhex.com\/de\/wp-json\/wp\/v2\/types\/page"}],"author":[{"embeddable":true,"href":"https:\/\/naturhex.com\/de\/wp-json\/wp\/v2\/users\/1"}],"replies":[{"embeddable":true,"href":"https:\/\/naturhex.com\/de\/wp-json\/wp\/v2\/comments?post=1650"}],"version-history":[{"count":7,"href":"https:\/\/naturhex.com\/de\/wp-json\/wp\/v2\/pages\/1650\/revisions"}],"predecessor-version":[{"id":2395,"href":"https:\/\/naturhex.com\/de\/wp-json\/wp\/v2\/pages\/1650\/revisions\/2395"}],"wp:attachment":[{"href":"https:\/\/naturhex.com\/de\/wp-json\/wp\/v2\/media?parent=1650"}],"curies":[{"name":"wp","href":"https:\/\/api.w.org\/{rel}","templated":true}]}}