{"id":1773,"date":"2023-11-21T19:53:00","date_gmt":"2023-11-21T19:53:00","guid":{"rendered":"https:\/\/naturhex.com\/product\/schon-2\/"},"modified":"2023-11-21T19:53:00","modified_gmt":"2023-11-21T19:53:00","slug":"schon-2","status":"publish","type":"product","link":"https:\/\/naturhex.com\/de\/produkt\/schon-2\/","title":{"rendered":"Schon"},"content":{"rendered":"<p>NaturHex Carboxytherapie (Schon)-Gel ist eine nicht-invasive Strategie zur Erh\u00f6hung des Kohlendioxid-Gases und zur Erweiterung der Blutzirkulation in der gew\u00fcnschten Hautregion. Das Produkt ist ein Anti-Aging-, Antioxidations- und Entz\u00fcndungshemmer, der zur Hautaufhellung, Aufhellung und Stimulation der Hautverj\u00fcngung eingesetzt werden kann. Das Gel wird zusammen mit der NaturHex Schon Aktivator Maske verwendet.<\/p>\n<p><strong>Anwendung:<\/strong> Tragen Sie das carboxytherapy Gel in einer dicken Schicht auf Gesicht oder Hals auf. Dr\u00fccken Sie anschlie\u00dfend die carboxytherapy Aktivatormaske fest in das Gel Innerhalb von 10 bis 20 Minuten nach der Behandlung dringt das Kohlendioxid-Gas in die Haut ein, und die behandelte Stelle kann sich leicht r\u00f6ten.<\/p>\n<p><strong>Zutaten:<\/strong> Gereinigtes Wasser, Natriumbicarbonat, Glycerin, Xanthan Gum, Cellulose Gum, Caprylyl Glycol, 2 Hexandiol, Butylene Glycol, Niacinamide, Aloe Vera Extract, Rosa Rugosa Flower Extract, Sophora Japonica Bud Extract, Chrysanthemum Morifolium Flower Extract, Citrus Paradisi Fruit Extract, Centella Asiatica Extract, Camellia Sinensis Leaf Extract, Methylparaben, Fragrance.<\/p>\n<p><strong>NUR F\u00dcR DEN PROFESSIONELLEN GEBRAUCH<\/strong><\/p>\n<p><strong>840ML \/ 28.4 FL.OZ.<\/strong><\/p>\n","protected":false},"excerpt":{"rendered":"<p>NaturHex Carboxytherapie (Schon)-Gel ist eine nicht-invasive Strategie zur Erh\u00f6hung des Kohlendioxid-Gases und zur Erweiterung der Blutzirkulation in der gew\u00fcnschten Hautregion.<\/p>\n","protected":false},"featured_media":1820,"comment_status":"open","ping_status":"closed","template":"","meta":[],"product_brand":[],"product_cat":[40],"product_tag":[],"class_list":{"0":"post-1773","1":"product","2":"type-product","3":"status-publish","4":"has-post-thumbnail","6":"product_cat-non-invasive-carboxytherapy-gels-de","8":"first","9":"instock","10":"shipping-taxable","11":"product-type-simple"},"_links":{"self":[{"href":"https:\/\/naturhex.com\/de\/wp-json\/wp\/v2\/product\/1773","targetHints":{"allow":["GET"]}}],"collection":[{"href":"https:\/\/naturhex.com\/de\/wp-json\/wp\/v2\/product"}],"about":[{"href":"https:\/\/naturhex.com\/de\/wp-json\/wp\/v2\/types\/product"}],"replies":[{"embeddable":true,"href":"https:\/\/naturhex.com\/de\/wp-json\/wp\/v2\/comments?post=1773"}],"version-history":[{"count":0,"href":"https:\/\/naturhex.com\/de\/wp-json\/wp\/v2\/product\/1773\/revisions"}],"wp:featuredmedia":[{"embeddable":true,"href":"https:\/\/naturhex.com\/de\/wp-json\/wp\/v2\/media\/1820"}],"wp:attachment":[{"href":"https:\/\/naturhex.com\/de\/wp-json\/wp\/v2\/media?parent=1773"}],"wp:term":[{"taxonomy":"product_brand","embeddable":true,"href":"https:\/\/naturhex.com\/de\/wp-json\/wp\/v2\/product_brand?post=1773"},{"taxonomy":"product_cat","embeddable":true,"href":"https:\/\/naturhex.com\/de\/wp-json\/wp\/v2\/product_cat?post=1773"},{"taxonomy":"product_tag","embeddable":true,"href":"https:\/\/naturhex.com\/de\/wp-json\/wp\/v2\/product_tag?post=1773"}],"curies":[{"name":"wp","href":"https:\/\/api.w.org\/{rel}","templated":true}]}}