{"id":1775,"date":"2023-11-21T20:00:45","date_gmt":"2023-11-21T20:00:45","guid":{"rendered":"https:\/\/naturhex.com\/product\/vison\/"},"modified":"2023-11-21T20:00:45","modified_gmt":"2023-11-21T20:00:45","slug":"vison","status":"publish","type":"product","link":"https:\/\/naturhex.com\/de\/produkt\/vison\/","title":{"rendered":"Vison"},"content":{"rendered":"<p>NaturHex carboxytherapy (Vision) Gel ist eine nicht-invasive Strategie zur Erh\u00f6hung der Kohlendioxid-Gas und erweitern die Blutzirkulation in der gew\u00fcnschten Hautregion. Das Produkt ist ein Peeling, Anti-Aging und entz\u00fcndungshemmend, das die Haut aufhellen und zur Verj\u00fcngung anregen kann . Das Gel wird zusammen mit der Aktivatormaske NaturHex VISION verwendet.<\/p>\n<p><strong>Anwendung:<\/strong> Tragen Sie das carboxytherapy Gel in einer dicken Schicht auf. Dr\u00fccken Sie anschlie\u00dfend die carboxytherapy Aktivatormaske fest in das Gel Innerhalb von 10 bis 20 Minuten nach der Behandlung dringt das Kohlendioxid-Gas in die Haut ein, und die behandelte Stelle kann sich leicht r\u00f6ten.<\/p>\n<p><strong>Zutaten:<\/strong> Gereinigtes Wasser, Glykols\u00e4ure, Ascorbins\u00e4ure, Glycerin, Xanthangummi, Zellulosegummi, Caprylylglykol, 2 Hexandiol, Butylenglykol, Niacinamid, Aloe Vera-Extrakt, Rosa Rugosa-Bl\u00fctenextrakt, Sophora Japonica-Knospenextrakt, Chrysanthemum Morifolium-Bl\u00fctenextrakt, Zitrusfr\u00fcchte Paradisi-Fruchtextrakt, Centella Asiatica-Extrakt, Camellia Sinensis-Blattextrakt, Methylparaben, Duftstoff.<\/p>\n<p><strong>NUR F\u00dcR DEN PROFESSIONELLEN GEBRAUCH<\/strong><\/p>\n<p><strong>100ML \/ 3.38 FL.OZ.<\/strong><\/p>\n","protected":false},"excerpt":{"rendered":"<p>NaturHex carboxytherapy (Vision) Gel ist eine nicht-invasive Strategie zur Erh\u00f6hung der Kohlendioxid-Gas und erweitern die Blutzirkulation in der gew\u00fcnschten Hautregion.<\/p>\n","protected":false},"featured_media":1822,"comment_status":"open","ping_status":"closed","template":"","meta":[],"product_brand":[],"product_cat":[40],"product_tag":[],"class_list":{"0":"post-1775","1":"product","2":"type-product","3":"status-publish","4":"has-post-thumbnail","6":"product_cat-non-invasive-carboxytherapy-gels-de","8":"first","9":"instock","10":"shipping-taxable","11":"product-type-simple"},"_links":{"self":[{"href":"https:\/\/naturhex.com\/de\/wp-json\/wp\/v2\/product\/1775","targetHints":{"allow":["GET"]}}],"collection":[{"href":"https:\/\/naturhex.com\/de\/wp-json\/wp\/v2\/product"}],"about":[{"href":"https:\/\/naturhex.com\/de\/wp-json\/wp\/v2\/types\/product"}],"replies":[{"embeddable":true,"href":"https:\/\/naturhex.com\/de\/wp-json\/wp\/v2\/comments?post=1775"}],"version-history":[{"count":0,"href":"https:\/\/naturhex.com\/de\/wp-json\/wp\/v2\/product\/1775\/revisions"}],"wp:featuredmedia":[{"embeddable":true,"href":"https:\/\/naturhex.com\/de\/wp-json\/wp\/v2\/media\/1822"}],"wp:attachment":[{"href":"https:\/\/naturhex.com\/de\/wp-json\/wp\/v2\/media?parent=1775"}],"wp:term":[{"taxonomy":"product_brand","embeddable":true,"href":"https:\/\/naturhex.com\/de\/wp-json\/wp\/v2\/product_brand?post=1775"},{"taxonomy":"product_cat","embeddable":true,"href":"https:\/\/naturhex.com\/de\/wp-json\/wp\/v2\/product_cat?post=1775"},{"taxonomy":"product_tag","embeddable":true,"href":"https:\/\/naturhex.com\/de\/wp-json\/wp\/v2\/product_tag?post=1775"}],"curies":[{"name":"wp","href":"https:\/\/api.w.org\/{rel}","templated":true}]}}