{"id":1776,"date":"2023-11-21T20:12:05","date_gmt":"2023-11-21T20:12:05","guid":{"rendered":"https:\/\/naturhex.com\/product\/schon-3\/"},"modified":"2023-12-10T01:06:33","modified_gmt":"2023-12-10T01:06:33","slug":"schon-2-2","status":"publish","type":"product","link":"https:\/\/naturhex.com\/de\/produkt\/schon-2-2\/","title":{"rendered":"Schon"},"content":{"rendered":"<p>NaturHex carboxytherapy (Schon) Aktivator Maske zusammen mit nicht-invasiven carboxytherapy Gel verwendet werden, dass die Strategie, um Kohlendioxid-Gas zu erh\u00f6hen und die Blutzirkulation in den gew\u00fcnschten Regionen der Haut zu erweitern und ist Anti-Aging, Antioxidans und entz\u00fcndungshemmend, dass f\u00fcr die Haut Aufhellung und Aufhellung verwendet werden kann und stimulieren die Haut Verj\u00fcngung.<\/p>\n<p><strong>Anwendung:<\/strong> Legen Sie das Carboxytherapie (Schon)-Aktivatorblatt auf das Schon-Carboxytherapie-Gel, dr\u00fccken Sie es leicht an und lassen Sie es Kohlendioxidgas erzeugen. Entfernen Sie die Folie nach etwa 10 bis 20 Minuten.<\/p>\n<p><strong>Zutaten:<\/strong> Zitronens\u00e4ure, Xanthangummi, Ascorbins\u00e4ure, Rayon.<\/p>\n<p><strong>NUR F\u00dcR DEN PROFESSIONELLEN GEBRAUCH<\/strong><\/p>\n<p><strong>40 x<\/strong><\/p>\n","protected":false},"excerpt":{"rendered":"<p>NaturHex carboxytherapy (Schon) Aktivator Maske zusammen mit nicht-invasiven carboxytherapy Gel verwendet werden, dass die Strategie, um Kohlendioxid-Gas zu erh\u00f6hen und<\/p>\n","protected":false},"featured_media":1850,"comment_status":"open","ping_status":"closed","template":"","meta":[],"product_brand":[],"product_cat":[39],"product_tag":[],"class_list":{"0":"post-1776","1":"product","2":"type-product","3":"status-publish","4":"has-post-thumbnail","6":"product_cat-non-invasive-carboxytherapy-sheet-masks-de-2","8":"first","9":"instock","10":"shipping-taxable","11":"product-type-simple"},"_links":{"self":[{"href":"https:\/\/naturhex.com\/de\/wp-json\/wp\/v2\/product\/1776","targetHints":{"allow":["GET"]}}],"collection":[{"href":"https:\/\/naturhex.com\/de\/wp-json\/wp\/v2\/product"}],"about":[{"href":"https:\/\/naturhex.com\/de\/wp-json\/wp\/v2\/types\/product"}],"replies":[{"embeddable":true,"href":"https:\/\/naturhex.com\/de\/wp-json\/wp\/v2\/comments?post=1776"}],"version-history":[{"count":1,"href":"https:\/\/naturhex.com\/de\/wp-json\/wp\/v2\/product\/1776\/revisions"}],"predecessor-version":[{"id":1778,"href":"https:\/\/naturhex.com\/de\/wp-json\/wp\/v2\/product\/1776\/revisions\/1778"}],"wp:featuredmedia":[{"embeddable":true,"href":"https:\/\/naturhex.com\/de\/wp-json\/wp\/v2\/media\/1850"}],"wp:attachment":[{"href":"https:\/\/naturhex.com\/de\/wp-json\/wp\/v2\/media?parent=1776"}],"wp:term":[{"taxonomy":"product_brand","embeddable":true,"href":"https:\/\/naturhex.com\/de\/wp-json\/wp\/v2\/product_brand?post=1776"},{"taxonomy":"product_cat","embeddable":true,"href":"https:\/\/naturhex.com\/de\/wp-json\/wp\/v2\/product_cat?post=1776"},{"taxonomy":"product_tag","embeddable":true,"href":"https:\/\/naturhex.com\/de\/wp-json\/wp\/v2\/product_tag?post=1776"}],"curies":[{"name":"wp","href":"https:\/\/api.w.org\/{rel}","templated":true}]}}