{"id":1777,"date":"2023-11-21T20:15:23","date_gmt":"2023-11-21T20:15:23","guid":{"rendered":"https:\/\/naturhex.com\/product\/komparse-2\/"},"modified":"2023-12-11T05:28:59","modified_gmt":"2023-12-11T05:28:59","slug":"komparse-2","status":"publish","type":"product","link":"https:\/\/naturhex.com\/de\/produkt\/komparse-2\/","title":{"rendered":"Komparse"},"content":{"rendered":"<p>NaturHex carboxytherapy (Komparse) Aktivator Maske zusammen mit nicht-invasiven carboxytherapy Gel verwendet werden, dass die Strategie, um Kohlendioxid-Gas zu erh\u00f6hen und die Blutzirkulation in der gew\u00fcnschten Region der Haut zu erweitern und ist Anti-Aging, Antioxidans und entz\u00fcndungshemmende, die f\u00fcr die Haut Aufhellung und Aufhellung und stimulieren die Hautverj\u00fcngung verwendet werden kann.<\/p>\n<p><strong>Anwendung:<\/strong> Legen Sie das Carboxytherapie (Schon)-Aktivatorblatt auf das Schon-Carboxytherapie-Gel, dr\u00fccken Sie es leicht an und lassen Sie es Kohlendioxidgas erzeugen. Entfernen Sie das Blatt nach etwa 10 bis 20 Minuten.<\/p>\n<p><strong>Zutaten:<\/strong> Natriumbicarbonat, Xanthangummi, Rayon.<\/p>\n<p><strong>NUR F\u00dcR DEN PROFESSIONELLEN GEBRAUCH<\/strong><\/p>\n<p><strong>40 x<\/strong><\/p>\n","protected":false},"excerpt":{"rendered":"<p>NaturHex carboxytherapy (Komparse) Aktivator Maske zusammen mit nicht-invasiven carboxytherapy Gel verwendet werden, dass die Strategie, um Kohlendioxid-Gas zu erh\u00f6hen und<\/p>\n","protected":false},"featured_media":1848,"comment_status":"open","ping_status":"closed","template":"","meta":[],"product_brand":[],"product_cat":[39],"product_tag":[],"class_list":{"0":"post-1777","1":"product","2":"type-product","3":"status-publish","4":"has-post-thumbnail","6":"product_cat-non-invasive-carboxytherapy-sheet-masks-de-2","8":"first","9":"instock","10":"shipping-taxable","11":"product-type-simple"},"_links":{"self":[{"href":"https:\/\/naturhex.com\/de\/wp-json\/wp\/v2\/product\/1777","targetHints":{"allow":["GET"]}}],"collection":[{"href":"https:\/\/naturhex.com\/de\/wp-json\/wp\/v2\/product"}],"about":[{"href":"https:\/\/naturhex.com\/de\/wp-json\/wp\/v2\/types\/product"}],"replies":[{"embeddable":true,"href":"https:\/\/naturhex.com\/de\/wp-json\/wp\/v2\/comments?post=1777"}],"version-history":[{"count":1,"href":"https:\/\/naturhex.com\/de\/wp-json\/wp\/v2\/product\/1777\/revisions"}],"predecessor-version":[{"id":1814,"href":"https:\/\/naturhex.com\/de\/wp-json\/wp\/v2\/product\/1777\/revisions\/1814"}],"wp:featuredmedia":[{"embeddable":true,"href":"https:\/\/naturhex.com\/de\/wp-json\/wp\/v2\/media\/1848"}],"wp:attachment":[{"href":"https:\/\/naturhex.com\/de\/wp-json\/wp\/v2\/media?parent=1777"}],"wp:term":[{"taxonomy":"product_brand","embeddable":true,"href":"https:\/\/naturhex.com\/de\/wp-json\/wp\/v2\/product_brand?post=1777"},{"taxonomy":"product_cat","embeddable":true,"href":"https:\/\/naturhex.com\/de\/wp-json\/wp\/v2\/product_cat?post=1777"},{"taxonomy":"product_tag","embeddable":true,"href":"https:\/\/naturhex.com\/de\/wp-json\/wp\/v2\/product_tag?post=1777"}],"curies":[{"name":"wp","href":"https:\/\/api.w.org\/{rel}","templated":true}]}}