{"id":1779,"date":"2023-11-21T20:15:46","date_gmt":"2023-11-21T20:15:46","guid":{"rendered":"https:\/\/naturhex.com\/product\/vison-2\/"},"modified":"2023-12-11T05:35:04","modified_gmt":"2023-12-11T05:35:04","slug":"vison-2","status":"publish","type":"product","link":"https:\/\/naturhex.com\/de\/produkt\/vison-2\/","title":{"rendered":"Vison"},"content":{"rendered":"<p>Die Aktivatormaske f\u00fcr die Carboxytherapie (Vision) von NaturHex wird zusammen mit dem nicht-invasiven Carboxytherapie-Gel verwendet, das die Strategie zur Erh\u00f6hung des Kohlendioxidgases und zur Erweiterung der Blutzirkulation in den gew\u00fcnschten Hautregionen darstellt und Anti-Aging-, Antioxidans- und entz\u00fcndungshemmende Wirkung hat Kann zur Hautaufhellung und -aufhellung verwendet werden und stimuliert die Hautverj\u00fcngung.<\/p>\n<p><strong>Anwendung:<\/strong> Legen Sie das Carboxytherapie-Aktivatorblatt (Schon) auf das Schon-Carboxytherapie-Gel, dr\u00fccken Sie es vorsichtig an und lassen Sie es Kohlendioxidgas erzeugen. Entfernen Sie das Blatt nach etwa 10 bis 20 Minuten.<\/p>\n<p><strong>Zutaten:<\/strong> Natriumbicarbonat, Xanthangummi, Rayon.<\/p>\n<p><strong>NUR F\u00dcR DEN PROFESSIONELLEN GEBRAUCH<\/strong><\/p>\n<p><strong>40 x<\/strong><\/p>\n","protected":false},"excerpt":{"rendered":"<p>Die Aktivatormaske f\u00fcr die Carboxytherapie (Vision) von NaturHex wird zusammen mit dem nicht-invasiven Carboxytherapie-Gel verwendet, das die Strategie zur Erh\u00f6hung<\/p>\n","protected":false},"featured_media":1852,"comment_status":"open","ping_status":"closed","template":"","meta":[],"product_brand":[],"product_cat":[39],"product_tag":[],"class_list":{"0":"post-1779","1":"product","2":"type-product","3":"status-publish","4":"has-post-thumbnail","6":"product_cat-non-invasive-carboxytherapy-sheet-masks-de-2","8":"first","9":"instock","10":"shipping-taxable","11":"product-type-simple"},"_links":{"self":[{"href":"https:\/\/naturhex.com\/de\/wp-json\/wp\/v2\/product\/1779","targetHints":{"allow":["GET"]}}],"collection":[{"href":"https:\/\/naturhex.com\/de\/wp-json\/wp\/v2\/product"}],"about":[{"href":"https:\/\/naturhex.com\/de\/wp-json\/wp\/v2\/types\/product"}],"replies":[{"embeddable":true,"href":"https:\/\/naturhex.com\/de\/wp-json\/wp\/v2\/comments?post=1779"}],"version-history":[{"count":1,"href":"https:\/\/naturhex.com\/de\/wp-json\/wp\/v2\/product\/1779\/revisions"}],"predecessor-version":[{"id":1816,"href":"https:\/\/naturhex.com\/de\/wp-json\/wp\/v2\/product\/1779\/revisions\/1816"}],"wp:featuredmedia":[{"embeddable":true,"href":"https:\/\/naturhex.com\/de\/wp-json\/wp\/v2\/media\/1852"}],"wp:attachment":[{"href":"https:\/\/naturhex.com\/de\/wp-json\/wp\/v2\/media?parent=1779"}],"wp:term":[{"taxonomy":"product_brand","embeddable":true,"href":"https:\/\/naturhex.com\/de\/wp-json\/wp\/v2\/product_brand?post=1779"},{"taxonomy":"product_cat","embeddable":true,"href":"https:\/\/naturhex.com\/de\/wp-json\/wp\/v2\/product_cat?post=1779"},{"taxonomy":"product_tag","embeddable":true,"href":"https:\/\/naturhex.com\/de\/wp-json\/wp\/v2\/product_tag?post=1779"}],"curies":[{"name":"wp","href":"https:\/\/api.w.org\/{rel}","templated":true}]}}