{"id":1780,"date":"2023-11-21T20:20:49","date_gmt":"2023-11-21T20:20:49","guid":{"rendered":"https:\/\/naturhex.com\/product\/exfoliating-body-and-face-scrub\/"},"modified":"2023-11-21T20:20:49","modified_gmt":"2023-11-21T20:20:49","slug":"exfoliating-body-and-face-scrub","status":"publish","type":"product","link":"https:\/\/naturhex.com\/de\/produkt\/exfoliating-body-and-face-scrub\/","title":{"rendered":"EXFOLIATING BODY AND FACE SCRUB"},"content":{"rendered":"<p>Das Peeling f\u00fcr K\u00f6rper und Gesicht von NaturHex mit milder Formulierung scheint dabei zu helfen, eine glatte, erfrischte Haut freizulegen, ohne auszutrocknen, zu reizen oder \u00fcberm\u00e4\u00dfigen Stress zu verursachen. Diese Produkte verleihen der Haut ein jugendliches, strahlendes Aussehen, indem sie Unreinheiten entfernen und verstopfte Poren entstauen.<\/p>\n<p><strong>Anwendung:<\/strong> Waschen Sie die Haut mit warmem Wasser und tragen Sie das Produkt auf. Etwa 20\u201330 Sekunden lang sanft einmassieren. Lassen Sie das Produkt 2-3 Minuten einwirken und sp\u00fclen Sie es mit reichlich warmem Wasser ab.<\/p>\n<p><strong>Zutaten:<\/strong> Wasser reinigen, Glycerin, Dimethicon, Natriumbicarbonat, Ethylhexylpalmitat, Cetylalkohol, Stearylalkohol, Titandioxid, Cetearylalkohol, Gr\u00fcntee-Blattextrakt von Camellia Sinensis, Zitronenextrakt von Citrus Medica Limonum, Apfelextrakt von Pyrus Malus, Glycerylstearat, PEG- 100 Stearat, Isohexadecan, Polysorbat 80, Xanthangummi, Natriummagnesiumsilikat, Methylparaben, Tetranatrium-EDTA, Duftstoff.<\/p>\n<p><strong>NUR F\u00dcR DEN PROFESSIONELLEN GEBRAUCH<\/strong><\/p>\n<p><strong>100ML \/ 1.38FL.OZ.<\/strong><\/p>\n","protected":false},"excerpt":{"rendered":"<p>Das Peeling f\u00fcr K\u00f6rper und Gesicht von NaturHex mit milder Formulierung scheint dabei zu helfen, eine glatte, erfrischte Haut freizulegen,<\/p>\n","protected":false},"featured_media":1666,"comment_status":"open","ping_status":"closed","template":"","meta":[],"product_brand":[],"product_cat":[35],"product_tag":[],"class_list":{"0":"post-1780","1":"product","2":"type-product","3":"status-publish","4":"has-post-thumbnail","6":"product_cat-professionell","8":"first","9":"instock","10":"shipping-taxable","11":"product-type-simple"},"_links":{"self":[{"href":"https:\/\/naturhex.com\/de\/wp-json\/wp\/v2\/product\/1780","targetHints":{"allow":["GET"]}}],"collection":[{"href":"https:\/\/naturhex.com\/de\/wp-json\/wp\/v2\/product"}],"about":[{"href":"https:\/\/naturhex.com\/de\/wp-json\/wp\/v2\/types\/product"}],"replies":[{"embeddable":true,"href":"https:\/\/naturhex.com\/de\/wp-json\/wp\/v2\/comments?post=1780"}],"version-history":[{"count":0,"href":"https:\/\/naturhex.com\/de\/wp-json\/wp\/v2\/product\/1780\/revisions"}],"wp:featuredmedia":[{"embeddable":true,"href":"https:\/\/naturhex.com\/de\/wp-json\/wp\/v2\/media\/1666"}],"wp:attachment":[{"href":"https:\/\/naturhex.com\/de\/wp-json\/wp\/v2\/media?parent=1780"}],"wp:term":[{"taxonomy":"product_brand","embeddable":true,"href":"https:\/\/naturhex.com\/de\/wp-json\/wp\/v2\/product_brand?post=1780"},{"taxonomy":"product_cat","embeddable":true,"href":"https:\/\/naturhex.com\/de\/wp-json\/wp\/v2\/product_cat?post=1780"},{"taxonomy":"product_tag","embeddable":true,"href":"https:\/\/naturhex.com\/de\/wp-json\/wp\/v2\/product_tag?post=1780"}],"curies":[{"name":"wp","href":"https:\/\/api.w.org\/{rel}","templated":true}]}}