{"id":1782,"date":"2023-11-21T20:21:35","date_gmt":"2023-11-21T20:21:35","guid":{"rendered":"https:\/\/naturhex.com\/product\/anti-inflammation-mask\/"},"modified":"2023-11-21T20:21:35","modified_gmt":"2023-11-21T20:21:35","slug":"anti-inflammation-mask","status":"publish","type":"product","link":"https:\/\/naturhex.com\/de\/produkt\/anti-inflammation-mask\/","title":{"rendered":"ANTI-INFLAMMATION MASK"},"content":{"rendered":"<p>Pflege zu HauseDiese Maske hat entz\u00fcndungshemmende Eigenschaften, die die Haut verj\u00fcngen. Ihre Anti-Falten-Wirkung ist lang anhaltend. Sie kann nach einer Carboxy-Therapie verwendet werden und tr\u00e4gt zur Verbesserung der Hautgesundheit bei.<\/p>\n<p><strong>Anwendung:<\/strong> Nach professionellen Behandlungen wie Carboxytherapie (invasiv und nicht-invasiv), chemischen Peelings, Mesotherapie, Micro Needling und RF-Behandlungen auf die saubere Haut auftragen. Lassen Sie die Maske etwa 20-30 Minuten auf dem Gesicht.<\/p>\n<p><strong>Zutaten:<\/strong> Glycerin, Hyalurons\u00e4ure, Niacinamid, Panthenol, Allantoin, Beta-Glucan, Gr\u00fcntee-Extrakt, Bambusa-Vulgaris-Bl\u00e4tter-Extrakt und Aloe-Vera-Extrakt.<\/p>\n<p><strong>NUR F\u00dcR DEN PROFESSIONELLEN GEBRAUCH<\/strong><\/p>\n","protected":false},"excerpt":{"rendered":"<p>Pflege zu HauseDiese Maske hat entz\u00fcndungshemmende Eigenschaften, die die Haut verj\u00fcngen. Ihre Anti-Falten-Wirkung ist lang anhaltend. Sie kann nach einer<\/p>\n","protected":false},"featured_media":2158,"comment_status":"open","ping_status":"closed","template":"","meta":[],"product_brand":[],"product_cat":[35],"product_tag":[],"class_list":{"0":"post-1782","1":"product","2":"type-product","3":"status-publish","4":"has-post-thumbnail","6":"product_cat-professionell","8":"first","9":"instock","10":"shipping-taxable","11":"product-type-simple"},"_links":{"self":[{"href":"https:\/\/naturhex.com\/de\/wp-json\/wp\/v2\/product\/1782","targetHints":{"allow":["GET"]}}],"collection":[{"href":"https:\/\/naturhex.com\/de\/wp-json\/wp\/v2\/product"}],"about":[{"href":"https:\/\/naturhex.com\/de\/wp-json\/wp\/v2\/types\/product"}],"replies":[{"embeddable":true,"href":"https:\/\/naturhex.com\/de\/wp-json\/wp\/v2\/comments?post=1782"}],"version-history":[{"count":0,"href":"https:\/\/naturhex.com\/de\/wp-json\/wp\/v2\/product\/1782\/revisions"}],"wp:featuredmedia":[{"embeddable":true,"href":"https:\/\/naturhex.com\/de\/wp-json\/wp\/v2\/media\/2158"}],"wp:attachment":[{"href":"https:\/\/naturhex.com\/de\/wp-json\/wp\/v2\/media?parent=1782"}],"wp:term":[{"taxonomy":"product_brand","embeddable":true,"href":"https:\/\/naturhex.com\/de\/wp-json\/wp\/v2\/product_brand?post=1782"},{"taxonomy":"product_cat","embeddable":true,"href":"https:\/\/naturhex.com\/de\/wp-json\/wp\/v2\/product_cat?post=1782"},{"taxonomy":"product_tag","embeddable":true,"href":"https:\/\/naturhex.com\/de\/wp-json\/wp\/v2\/product_tag?post=1782"}],"curies":[{"name":"wp","href":"https:\/\/api.w.org\/{rel}","templated":true}]}}