{"id":1784,"date":"2023-11-21T20:55:38","date_gmt":"2023-11-21T20:55:38","guid":{"rendered":"https:\/\/naturhex.com\/product\/cleaning-lotion\/"},"modified":"2023-11-21T20:55:38","modified_gmt":"2023-11-21T20:55:38","slug":"cleaning-lotion","status":"publish","type":"product","link":"https:\/\/naturhex.com\/de\/produkt\/cleaning-lotion\/","title":{"rendered":"CLEANING LOTION"},"content":{"rendered":"<p>Schnell wirkende Reinigungsl\u00f6sung, die Schmutz, \u00d6l und dicke Make-up-Schichten entfernt. Seine beruhigenden Inhaltsstoffe mit Kr\u00e4uterextrakten reduzieren die Hautempfindlichkeit und st\u00e4rken gleichzeitig die gesunde Schutzschicht der Haut.<\/p>\n<p><strong>Anwendung:<\/strong> Tragen Sie eine kleine Menge Reinigungsfl\u00fcssigkeit auf die gew\u00fcnschte Stelle auf, waschen Sie die behandelte Stelle und wischen Sie sie mit einem Tuch ab oder sp\u00fclen Sie sie mit warmem Wasser ab.<\/p>\n<p><strong>Zutaten:<\/strong> Mineral\u00f6l, Glycerin, Niacinamid, Rosemare-Blattextrakt, Camellia Sinensis-Blattextrakt, Allantoin, Centella Asiatica-Extrakt, Chamomilla Recutita-Bl\u00fctenextrakt, Glycyrrhiza Glabra-Wurzelextrakt, Polygonum Cuspidatum-Wurzelextrakt, Scutellaria Baicaliensis-Wurzelextrakt, Magnolien-Kobus-Rindenextrakt, Zitrusfr\u00fcchte Paradisi-Fruchtextrakt, Thujopsis Dolabrata-Zweigextrakt, Tocopherylacetat.<\/p>\n","protected":false},"excerpt":{"rendered":"<p>Schnell wirkende Reinigungsl\u00f6sung, die Schmutz, \u00d6l und dicke Make-up-Schichten entfernt. Seine beruhigenden Inhaltsstoffe mit Kr\u00e4uterextrakten reduzieren die Hautempfindlichkeit und st\u00e4rken<\/p>\n","protected":false},"featured_media":1556,"comment_status":"open","ping_status":"closed","template":"","meta":[],"product_brand":[],"product_cat":[36],"product_tag":[],"class_list":{"0":"post-1784","1":"product","2":"type-product","3":"status-publish","4":"has-post-thumbnail","6":"product_cat-haeusliche-pflege","8":"first","9":"instock","10":"shipping-taxable","11":"product-type-simple"},"_links":{"self":[{"href":"https:\/\/naturhex.com\/de\/wp-json\/wp\/v2\/product\/1784","targetHints":{"allow":["GET"]}}],"collection":[{"href":"https:\/\/naturhex.com\/de\/wp-json\/wp\/v2\/product"}],"about":[{"href":"https:\/\/naturhex.com\/de\/wp-json\/wp\/v2\/types\/product"}],"replies":[{"embeddable":true,"href":"https:\/\/naturhex.com\/de\/wp-json\/wp\/v2\/comments?post=1784"}],"version-history":[{"count":0,"href":"https:\/\/naturhex.com\/de\/wp-json\/wp\/v2\/product\/1784\/revisions"}],"wp:featuredmedia":[{"embeddable":true,"href":"https:\/\/naturhex.com\/de\/wp-json\/wp\/v2\/media\/1556"}],"wp:attachment":[{"href":"https:\/\/naturhex.com\/de\/wp-json\/wp\/v2\/media?parent=1784"}],"wp:term":[{"taxonomy":"product_brand","embeddable":true,"href":"https:\/\/naturhex.com\/de\/wp-json\/wp\/v2\/product_brand?post=1784"},{"taxonomy":"product_cat","embeddable":true,"href":"https:\/\/naturhex.com\/de\/wp-json\/wp\/v2\/product_cat?post=1784"},{"taxonomy":"product_tag","embeddable":true,"href":"https:\/\/naturhex.com\/de\/wp-json\/wp\/v2\/product_tag?post=1784"}],"curies":[{"name":"wp","href":"https:\/\/api.w.org\/{rel}","templated":true}]}}