{"id":1786,"date":"2023-11-21T20:16:16","date_gmt":"2023-11-21T20:16:16","guid":{"rendered":"https:\/\/naturhex.com\/product\/hyaluronic-facial-serum\/"},"modified":"2023-11-21T20:16:16","modified_gmt":"2023-11-21T20:16:16","slug":"hyaluronic-facial-serum","status":"publish","type":"product","link":"https:\/\/naturhex.com\/de\/produkt\/hyaluronic-facial-serum\/","title":{"rendered":"Hyaluronic Facial Serum"},"content":{"rendered":"<p>Das Hyaluron-Gesichtsserum hilft, Ihrer Haut Feuchtigkeit zur\u00fcckzugeben. Diese Rehydrierung kann dazu beitragen, das Auftreten feiner Linien und F\u00e4ltchen zu minimieren. Au\u00dferdem verleiht es Ihrer Haut eine weichere, glattere Textur. Im Wesentlichen kann Ihnen das Serum dabei helfen, sich von Zeichen der Hautalterung wie Trockenheit und Falten zu verabschieden und eine hydratisiertere, jugendlicher aussehende Haut zu begr\u00fc\u00dfen.<\/p>\n<p><strong>Anwendung:<\/strong> Reinigen Sie die Haut und tragen Sie eine angemessene Menge des Essenzserums auf. Verteilen Sie die Essenz gleichm\u00e4\u00dfig im Gesichtsbereich und massieren Sie sie mit den Fingern leicht in die Haut ein, bis sie eindringt und vollst\u00e4ndig einzieht.<\/p>\n<p><strong>Zutaten:<\/strong> Aqua, Glycerin, Hyalurons\u00e4ure, Pentylenglykol, Linalool, Lavandula Angustifolia-\u00d6l, Decylglucosid, Rosmarinus Officinalis-Blattextrakt, Chamomilla Recutita-Bl\u00fctenextrakt, Rosa Canina-Fruchtextrakt.<\/p>\n","protected":false},"excerpt":{"rendered":"<p>Das Hyaluron-Gesichtsserum hilft, Ihrer Haut Feuchtigkeit zur\u00fcckzugeben. Diese Rehydrierung kann dazu beitragen, das Auftreten feiner Linien und F\u00e4ltchen zu minimieren.<\/p>\n","protected":false},"featured_media":1558,"comment_status":"open","ping_status":"closed","template":"","meta":[],"product_brand":[],"product_cat":[37],"product_tag":[],"class_list":{"0":"post-1786","1":"product","2":"type-product","3":"status-publish","4":"has-post-thumbnail","6":"product_cat-serums-de","8":"first","9":"instock","10":"shipping-taxable","11":"product-type-simple"},"_links":{"self":[{"href":"https:\/\/naturhex.com\/de\/wp-json\/wp\/v2\/product\/1786","targetHints":{"allow":["GET"]}}],"collection":[{"href":"https:\/\/naturhex.com\/de\/wp-json\/wp\/v2\/product"}],"about":[{"href":"https:\/\/naturhex.com\/de\/wp-json\/wp\/v2\/types\/product"}],"replies":[{"embeddable":true,"href":"https:\/\/naturhex.com\/de\/wp-json\/wp\/v2\/comments?post=1786"}],"version-history":[{"count":0,"href":"https:\/\/naturhex.com\/de\/wp-json\/wp\/v2\/product\/1786\/revisions"}],"wp:featuredmedia":[{"embeddable":true,"href":"https:\/\/naturhex.com\/de\/wp-json\/wp\/v2\/media\/1558"}],"wp:attachment":[{"href":"https:\/\/naturhex.com\/de\/wp-json\/wp\/v2\/media?parent=1786"}],"wp:term":[{"taxonomy":"product_brand","embeddable":true,"href":"https:\/\/naturhex.com\/de\/wp-json\/wp\/v2\/product_brand?post=1786"},{"taxonomy":"product_cat","embeddable":true,"href":"https:\/\/naturhex.com\/de\/wp-json\/wp\/v2\/product_cat?post=1786"},{"taxonomy":"product_tag","embeddable":true,"href":"https:\/\/naturhex.com\/de\/wp-json\/wp\/v2\/product_tag?post=1786"}],"curies":[{"name":"wp","href":"https:\/\/api.w.org\/{rel}","templated":true}]}}