{"id":1787,"date":"2023-11-21T20:16:35","date_gmt":"2023-11-21T20:16:35","guid":{"rendered":"https:\/\/naturhex.com\/product\/niacinamide-facial-serum\/"},"modified":"2023-11-21T20:16:35","modified_gmt":"2023-11-21T20:16:35","slug":"niacinamide-facial-serum","status":"publish","type":"product","link":"https:\/\/naturhex.com\/de\/produkt\/niacinamide-facial-serum\/","title":{"rendered":"Niacinamide Facial Serum"},"content":{"rendered":"<p>Mit 10 % Niacinamid formuliert, um sichtbare Zeichen der Hautalterung zu bek\u00e4mpfen und den nat\u00fcrlichen Erneuerungsprozess Ihrer Haut anzuregen Das Niacinamid-Serum zieht schnell ein, bringt stumpfe, m\u00fcde Haut zum Strahlen und minimiert gleichzeitig Poren und feine Linien f\u00fcr einen makellosen Teint. Geeignet f\u00fcr alle Hauttypen, auch f\u00fcr empfindliche Haut.<\/p>\n<p><strong>Anwendung:<\/strong> Reinigen Sie die Haut und tragen Sie eine angemessene Menge des Essenzserums auf. Verteilen Sie die Essenz gleichm\u00e4\u00dfig im Gesichtsbereich und massieren Sie sie mit den Fingern leicht in die Haut ein, bis sie eindringt und vollst\u00e4ndig einzieht.<\/p>\n<p><strong>Zutaten:<\/strong> Aqua, Glycerin, Niacinamid, Centella Asiatica-Extrakt, Pentylenglykol, Linalool Dioscorea Opposita-Wurzelextrakt, Salvia Hispanica-Samenextrakt, Linum Usitatissimum-Samenextrakt, Centella Asiatica-Extrakt, Decylglucosid, Lavandula Angustifolia-\u00d6l.<\/p>\n","protected":false},"excerpt":{"rendered":"<p>Mit 10 % Niacinamid formuliert, um sichtbare Zeichen der Hautalterung zu bek\u00e4mpfen und den nat\u00fcrlichen Erneuerungsprozess Ihrer Haut anzuregen Das<\/p>\n","protected":false},"featured_media":1562,"comment_status":"open","ping_status":"closed","template":"","meta":[],"product_brand":[],"product_cat":[37],"product_tag":[],"class_list":{"0":"post-1787","1":"product","2":"type-product","3":"status-publish","4":"has-post-thumbnail","6":"product_cat-serums-de","8":"first","9":"instock","10":"shipping-taxable","11":"product-type-simple"},"_links":{"self":[{"href":"https:\/\/naturhex.com\/de\/wp-json\/wp\/v2\/product\/1787","targetHints":{"allow":["GET"]}}],"collection":[{"href":"https:\/\/naturhex.com\/de\/wp-json\/wp\/v2\/product"}],"about":[{"href":"https:\/\/naturhex.com\/de\/wp-json\/wp\/v2\/types\/product"}],"replies":[{"embeddable":true,"href":"https:\/\/naturhex.com\/de\/wp-json\/wp\/v2\/comments?post=1787"}],"version-history":[{"count":0,"href":"https:\/\/naturhex.com\/de\/wp-json\/wp\/v2\/product\/1787\/revisions"}],"wp:featuredmedia":[{"embeddable":true,"href":"https:\/\/naturhex.com\/de\/wp-json\/wp\/v2\/media\/1562"}],"wp:attachment":[{"href":"https:\/\/naturhex.com\/de\/wp-json\/wp\/v2\/media?parent=1787"}],"wp:term":[{"taxonomy":"product_brand","embeddable":true,"href":"https:\/\/naturhex.com\/de\/wp-json\/wp\/v2\/product_brand?post=1787"},{"taxonomy":"product_cat","embeddable":true,"href":"https:\/\/naturhex.com\/de\/wp-json\/wp\/v2\/product_cat?post=1787"},{"taxonomy":"product_tag","embeddable":true,"href":"https:\/\/naturhex.com\/de\/wp-json\/wp\/v2\/product_tag?post=1787"}],"curies":[{"name":"wp","href":"https:\/\/api.w.org\/{rel}","templated":true}]}}