{"id":1788,"date":"2023-11-21T20:17:02","date_gmt":"2023-11-21T20:17:02","guid":{"rendered":"https:\/\/naturhex.com\/product\/retinol-facial-serum\/"},"modified":"2023-11-21T20:17:02","modified_gmt":"2023-11-21T20:17:02","slug":"retinol-facial-serum","status":"publish","type":"product","link":"https:\/\/naturhex.com\/de\/produkt\/retinol-facial-serum\/","title":{"rendered":"Retinol Facial Serum"},"content":{"rendered":"<p>Retinol ist f\u00fcr seine F\u00e4higkeit bekannt, Alterserscheinungen durch die Beschleunigung der Zellerneuerung zu reduzieren. Regelm\u00e4\u00dfige Anwendung kann zu einer Verbesserung der Hautstruktur, Festigkeit und Ausstrahlung f\u00fchren. Unser leichtes, schnell einziehendes Serum hilft gegen Falten und ungleichm\u00e4\u00dfige Pigmentierung, ohne dass es zu Trockenheit oder Reizungen kommt.<\/p>\n<p><strong>Anwendung:<\/strong> Nach der Reinigung abends einige Tropfen auf Gesicht, Hals und Dekollet\u00e9 auftragen. Tragen Sie anschlie\u00dfend eine Feuchtigkeitscreme auf. F\u00fcr optimale Ergebnisse regelm\u00e4\u00dfig anwenden. Erleben Sie eine sichtbare Reduzierung feiner Linien, Altersflecken und Rauheit und sorgen Sie f\u00fcr strahlende, j\u00fcnger aussehende Haut.<\/p>\n<p><strong>Zutaten:<\/strong> Aqua, Glycerin, Pentylenglycol, Limonen, Capryl-\/Capric-Triglycerid, Dioscorea Opposita-Wurzelextrakt, Lecithin, Polysorbat 20, Polycaprolacton, Retinol, Pinus Sylvestris-Blatt\u00f6l, Linum Usitissimum-Samenextrakt, Salvia Hispanica-Samenextrakt, Decylglucosid, Adenosin, Ceramid NP, Natriummagnesiumsilikat, Phaseolus Radiatus-Samenextrakt, BHT, Avena Sativa-Mehlextrakt.<\/p>\n","protected":false},"excerpt":{"rendered":"<p>Retinol ist f\u00fcr seine F\u00e4higkeit bekannt, Alterserscheinungen durch die Beschleunigung der Zellerneuerung zu reduzieren. Regelm\u00e4\u00dfige Anwendung kann zu einer Verbesserung<\/p>\n","protected":false},"featured_media":1564,"comment_status":"open","ping_status":"closed","template":"","meta":[],"product_brand":[],"product_cat":[37],"product_tag":[],"class_list":{"0":"post-1788","1":"product","2":"type-product","3":"status-publish","4":"has-post-thumbnail","6":"product_cat-serums-de","8":"first","9":"instock","10":"shipping-taxable","11":"product-type-simple"},"_links":{"self":[{"href":"https:\/\/naturhex.com\/de\/wp-json\/wp\/v2\/product\/1788","targetHints":{"allow":["GET"]}}],"collection":[{"href":"https:\/\/naturhex.com\/de\/wp-json\/wp\/v2\/product"}],"about":[{"href":"https:\/\/naturhex.com\/de\/wp-json\/wp\/v2\/types\/product"}],"replies":[{"embeddable":true,"href":"https:\/\/naturhex.com\/de\/wp-json\/wp\/v2\/comments?post=1788"}],"version-history":[{"count":0,"href":"https:\/\/naturhex.com\/de\/wp-json\/wp\/v2\/product\/1788\/revisions"}],"wp:featuredmedia":[{"embeddable":true,"href":"https:\/\/naturhex.com\/de\/wp-json\/wp\/v2\/media\/1564"}],"wp:attachment":[{"href":"https:\/\/naturhex.com\/de\/wp-json\/wp\/v2\/media?parent=1788"}],"wp:term":[{"taxonomy":"product_brand","embeddable":true,"href":"https:\/\/naturhex.com\/de\/wp-json\/wp\/v2\/product_brand?post=1788"},{"taxonomy":"product_cat","embeddable":true,"href":"https:\/\/naturhex.com\/de\/wp-json\/wp\/v2\/product_cat?post=1788"},{"taxonomy":"product_tag","embeddable":true,"href":"https:\/\/naturhex.com\/de\/wp-json\/wp\/v2\/product_tag?post=1788"}],"curies":[{"name":"wp","href":"https:\/\/api.w.org\/{rel}","templated":true}]}}