{"id":1789,"date":"2023-11-21T20:17:18","date_gmt":"2023-11-21T20:17:18","guid":{"rendered":"https:\/\/naturhex.com\/product\/facial-nourishment-mask\/"},"modified":"2023-11-21T20:17:18","modified_gmt":"2023-11-21T20:17:18","slug":"facial-nourishment-mask","status":"publish","type":"product","link":"https:\/\/naturhex.com\/de\/produkt\/facial-nourishment-mask\/","title":{"rendered":"FACIAL NOURISHMENT MASK"},"content":{"rendered":"<p>Diese Gesichtsmaske n\u00e4hrt die Haut intensiv und bietet gleichzeitig antioxidative Eigenschaften zur Bek\u00e4mpfung von Zeichen der Hautalterung. Die Haut f\u00fchlt sich seidig weich, angenehm und erneuert an. F\u00fcr eine geschmeidige, gesunde und strahlend strahlende Haut 2\u20133 Mal pro Woche nach der Reinigung anwenden. Die perfekte Gesichtsbehandlung f\u00fcr zu Hause f\u00fcr alle Hauttypen.<\/p>\n<p><strong>Anwendung:<\/strong> Tragen Sie nach der Reinigung eine pflegende Gesichtsmaske auf das Gesicht auf. Nach 10 bis 20 Minuten folgt die Reinigung mit Wasser.<\/p>\n<p><strong>Zutaten:<\/strong> Aqua, Glycerin, Panthenol, Niacinamid, Panax Ginseng-Wurzelextrakt, Aloe Barbadensis-Blattextrakt, Tocopherylacetat, Camellia Sinensis-Blattextrakt, Xanthangummi, Centella Asiatica-Extrakt, Polygonum Cuspidatum-Wurzelextrakt, Rosmarinus Officinalis (Rosmarin)-Blattextrakt, Thujopsis Dolabrata Extrakt, Glycyrrhiza Glabra-Wurzelextrakt, Portulaca Oleracea-Extrakt, Allantoin, Chlorphenesin, Phenoxyethanol, 1,2-Hexandiol, Parf\u00fcm.<\/p>\n","protected":false},"excerpt":{"rendered":"<p>Diese Gesichtsmaske n\u00e4hrt die Haut intensiv und bietet gleichzeitig antioxidative Eigenschaften zur Bek\u00e4mpfung von Zeichen der Hautalterung. Die Haut f\u00fchlt<\/p>\n","protected":false},"featured_media":2044,"comment_status":"open","ping_status":"closed","template":"","meta":[],"product_brand":[],"product_cat":[36],"product_tag":[],"class_list":{"0":"post-1789","1":"product","2":"type-product","3":"status-publish","4":"has-post-thumbnail","6":"product_cat-haeusliche-pflege","8":"first","9":"instock","10":"shipping-taxable","11":"product-type-simple"},"_links":{"self":[{"href":"https:\/\/naturhex.com\/de\/wp-json\/wp\/v2\/product\/1789","targetHints":{"allow":["GET"]}}],"collection":[{"href":"https:\/\/naturhex.com\/de\/wp-json\/wp\/v2\/product"}],"about":[{"href":"https:\/\/naturhex.com\/de\/wp-json\/wp\/v2\/types\/product"}],"replies":[{"embeddable":true,"href":"https:\/\/naturhex.com\/de\/wp-json\/wp\/v2\/comments?post=1789"}],"version-history":[{"count":0,"href":"https:\/\/naturhex.com\/de\/wp-json\/wp\/v2\/product\/1789\/revisions"}],"wp:featuredmedia":[{"embeddable":true,"href":"https:\/\/naturhex.com\/de\/wp-json\/wp\/v2\/media\/2044"}],"wp:attachment":[{"href":"https:\/\/naturhex.com\/de\/wp-json\/wp\/v2\/media?parent=1789"}],"wp:term":[{"taxonomy":"product_brand","embeddable":true,"href":"https:\/\/naturhex.com\/de\/wp-json\/wp\/v2\/product_brand?post=1789"},{"taxonomy":"product_cat","embeddable":true,"href":"https:\/\/naturhex.com\/de\/wp-json\/wp\/v2\/product_cat?post=1789"},{"taxonomy":"product_tag","embeddable":true,"href":"https:\/\/naturhex.com\/de\/wp-json\/wp\/v2\/product_tag?post=1789"}],"curies":[{"name":"wp","href":"https:\/\/api.w.org\/{rel}","templated":true}]}}