{"id":2238,"date":"2024-02-11T05:58:11","date_gmt":"2024-02-11T05:58:11","guid":{"rendered":"https:\/\/naturhex.com\/product\/exocare\/"},"modified":"2024-02-11T07:42:22","modified_gmt":"2024-02-11T07:42:22","slug":"exocare","status":"publish","type":"product","link":"https:\/\/naturhex.com\/de\/produkt\/exocare\/","title":{"rendered":"EXOCARE"},"content":{"rendered":"<p>EXOCARE ist ein Gesichtsverj\u00fcngungs-Kit, das die Hautzellerneuerung beschleunigt, ein jugendlicheres Aussehen und Gef\u00fchl f\u00f6rdert. Wissenschaftler haben herausgefunden, dass wenn eine gesunde Hautzelle ein Exosom an eine kranke Zelle abgibt, die gesch\u00e4digte Zelle mit Regeneration und Reparatur beginnt. Die Inhaltsstoffe in EXOCARE, die aus menschlichen Zellen gewonnen werden, verbessern den Hautzustand, f\u00f6rdern Geschmeidigkeit und Hydration. Dieses Produkt kann den Kollagengehalt in behandelten Bereichen erh\u00f6hen.<\/p>\n<p><strong>Anwendung:<\/strong><\/p>\n<p>Den Aluminiumdeckel und Gummistopfen vor Gebrauch entfernen.<\/p>\n<p>Das L\u00f6sungsmittelfl\u00e4schchen zum Trockenfl\u00e4schchen geben, um die lyophilisierten Exosomen aufzul\u00f6sen.<br \/>\nAuf gereinigte Haut mittels Verabreichungstechniken wie <strong>Mikronadeln<\/strong>, <strong>Dermapen<\/strong> und Mesotherapie auftragen.<\/p>\n<p><strong>Inhaltsstoffe:<\/strong><\/p>\n<p>Fl\u00e4schchen 01 enth\u00e4lt 10 Milliarden lyophilisierte Exosomen.<\/p>\n<p>Fl\u00e4schchen 02 enth\u00e4lt 54 Wirkstoffe, darunter Aminos\u00e4uren, Mineralien, Vitamine und Coenzyme.<\/p>\n<p><strong> <\/strong><strong>NUR F\u00dcR PROFESSIONELLE ANWENDUNG<\/strong><\/p>\n","protected":false},"excerpt":{"rendered":"<p>EXOCARE ist ein Gesichtsverj\u00fcngungs-Kit, das die Hautzellerneuerung beschleunigt, ein jugendlicheres Aussehen und Gef\u00fchl f\u00f6rdert. Wissenschaftler haben herausgefunden, dass wenn eine<\/p>\n","protected":false},"featured_media":2287,"comment_status":"open","ping_status":"closed","template":"","meta":[],"product_brand":[],"product_cat":[42],"product_tag":[],"class_list":{"0":"post-2238","1":"product","2":"type-product","3":"status-publish","4":"has-post-thumbnail","6":"product_cat-exosomes-de","8":"first","9":"instock","10":"shipping-taxable","11":"product-type-simple"},"_links":{"self":[{"href":"https:\/\/naturhex.com\/de\/wp-json\/wp\/v2\/product\/2238","targetHints":{"allow":["GET"]}}],"collection":[{"href":"https:\/\/naturhex.com\/de\/wp-json\/wp\/v2\/product"}],"about":[{"href":"https:\/\/naturhex.com\/de\/wp-json\/wp\/v2\/types\/product"}],"replies":[{"embeddable":true,"href":"https:\/\/naturhex.com\/de\/wp-json\/wp\/v2\/comments?post=2238"}],"version-history":[{"count":1,"href":"https:\/\/naturhex.com\/de\/wp-json\/wp\/v2\/product\/2238\/revisions"}],"predecessor-version":[{"id":2239,"href":"https:\/\/naturhex.com\/de\/wp-json\/wp\/v2\/product\/2238\/revisions\/2239"}],"wp:featuredmedia":[{"embeddable":true,"href":"https:\/\/naturhex.com\/de\/wp-json\/wp\/v2\/media\/2287"}],"wp:attachment":[{"href":"https:\/\/naturhex.com\/de\/wp-json\/wp\/v2\/media?parent=2238"}],"wp:term":[{"taxonomy":"product_brand","embeddable":true,"href":"https:\/\/naturhex.com\/de\/wp-json\/wp\/v2\/product_brand?post=2238"},{"taxonomy":"product_cat","embeddable":true,"href":"https:\/\/naturhex.com\/de\/wp-json\/wp\/v2\/product_cat?post=2238"},{"taxonomy":"product_tag","embeddable":true,"href":"https:\/\/naturhex.com\/de\/wp-json\/wp\/v2\/product_tag?post=2238"}],"curies":[{"name":"wp","href":"https:\/\/api.w.org\/{rel}","templated":true}]}}