{"id":2240,"date":"2024-02-11T06:15:08","date_gmt":"2024-02-11T06:15:08","guid":{"rendered":"https:\/\/naturhex.com\/product\/exodermis\/"},"modified":"2024-03-02T09:24:19","modified_gmt":"2024-03-02T09:24:19","slug":"exodermis","status":"publish","type":"product","link":"https:\/\/naturhex.com\/de\/produkt\/exodermis\/","title":{"rendered":"EXODERMIS"},"content":{"rendered":"<p>Das NaturHex Haar exosom-Kit (EXODERMIS) enth\u00e4lt ein Pulver aus gefriergetrockneten Exosomen, die zur F\u00f6rderung von Haarwachstum und -gesundheit verwendet werden. Exosomen sind winzige Bl\u00e4schen, die von Zellen freigesetzt werden und als Botenstoffe zwischen Zellen wirken. Die Exosomen in diesem Produkt helfen, die Wachstumsphase der Haarfollikel zu verl\u00e4ngern und die Haare l\u00e4nger in einem gesunden Wachstumszustand zu halten. Sie verk\u00fcrzen auch die Zeit, die Haarfollikel in der Degenerationsphase verbringen, so dass die Haare schneller in die Ruhephase \u00fcbergehen k\u00f6nnen, damit neues Wachstum stattfinden kann. Sie verk\u00fcrzen auch die Zeit, die Haarfollikel in der Degenerationsphase verbringen, so dass die Haare schneller in die Ruhephase \u00fcbergehen k\u00f6nnen, damit neues Wachstum stattfinden kann.<\/p>\n<p><strong>Anwendung:<\/strong><\/p>\n<p>Den Aluminiumdeckel und Gummistopfen vor Gebrauch entfernen.<\/p>\n<p>Das L\u00f6sungsmittelfl\u00e4schchen zum Trockenfl\u00e4schchen geben, um die lyophilisierten Exosomen aufzul\u00f6sen.<br \/>\nAuf gereinigte Haut mittels Verabreichungstechniken wie <strong>Mikronadeln<\/strong>, Dermapen und Mesotherapie auftragen.<\/p>\n<p><strong>Inhaltsstoffe:<\/strong><\/p>\n<p>Fl\u00e4schchen 02 enth\u00e4lt 20 Milliarden lyophilisierte Exosomen.<\/p>\n<p>Fl\u00e4schchen 01 enth\u00e4lt 56 Wirkstoffe, darunter Aminos\u00e4uren, Mineralien, Vitamine und Coenzyme.<\/p>\n<p><strong> <\/strong><strong>NUR F\u00dcR PROFESSIONELLE ANWENDUNG<\/strong><\/p>\n","protected":false},"excerpt":{"rendered":"<p>Das NaturHex Haar exosom-Kit (EXODERMIS) enth\u00e4lt ein Pulver aus gefriergetrockneten Exosomen, die zur F\u00f6rderung von Haarwachstum und -gesundheit verwendet werden.<\/p>\n","protected":false},"featured_media":2264,"comment_status":"open","ping_status":"closed","template":"","meta":[],"product_brand":[],"product_cat":[42],"product_tag":[],"class_list":{"0":"post-2240","1":"product","2":"type-product","3":"status-publish","4":"has-post-thumbnail","6":"product_cat-exosomes-de","8":"first","9":"instock","10":"shipping-taxable","11":"product-type-simple"},"_links":{"self":[{"href":"https:\/\/naturhex.com\/de\/wp-json\/wp\/v2\/product\/2240","targetHints":{"allow":["GET"]}}],"collection":[{"href":"https:\/\/naturhex.com\/de\/wp-json\/wp\/v2\/product"}],"about":[{"href":"https:\/\/naturhex.com\/de\/wp-json\/wp\/v2\/types\/product"}],"replies":[{"embeddable":true,"href":"https:\/\/naturhex.com\/de\/wp-json\/wp\/v2\/comments?post=2240"}],"version-history":[{"count":1,"href":"https:\/\/naturhex.com\/de\/wp-json\/wp\/v2\/product\/2240\/revisions"}],"predecessor-version":[{"id":2315,"href":"https:\/\/naturhex.com\/de\/wp-json\/wp\/v2\/product\/2240\/revisions\/2315"}],"wp:featuredmedia":[{"embeddable":true,"href":"https:\/\/naturhex.com\/de\/wp-json\/wp\/v2\/media\/2264"}],"wp:attachment":[{"href":"https:\/\/naturhex.com\/de\/wp-json\/wp\/v2\/media?parent=2240"}],"wp:term":[{"taxonomy":"product_brand","embeddable":true,"href":"https:\/\/naturhex.com\/de\/wp-json\/wp\/v2\/product_brand?post=2240"},{"taxonomy":"product_cat","embeddable":true,"href":"https:\/\/naturhex.com\/de\/wp-json\/wp\/v2\/product_cat?post=2240"},{"taxonomy":"product_tag","embeddable":true,"href":"https:\/\/naturhex.com\/de\/wp-json\/wp\/v2\/product_tag?post=2240"}],"curies":[{"name":"wp","href":"https:\/\/api.w.org\/{rel}","templated":true}]}}