{"id":2304,"date":"2024-02-12T13:43:40","date_gmt":"2024-02-12T13:43:40","guid":{"rendered":"https:\/\/naturhex.com\/product\/high-concentrated-exosome-mask\/"},"modified":"2024-02-12T13:43:40","modified_gmt":"2024-02-12T13:43:40","slug":"high-concentrated-exosome-mask","status":"publish","type":"product","link":"https:\/\/naturhex.com\/de\/produkt\/high-concentrated-exosome-mask\/","title":{"rendered":"HIGH CONCENTRATED EXOSOME MASK"},"content":{"rendered":"<p>HIGH CONCENTRATED EXOSOME MASK ist speziell gestaltet, um die empfindliche Haut um das Gesicht herum zu behandeln und das Auftreten von feinen Linien, schlaffer Haut und Verf\u00e4rbungen zu reduzieren. Angereichert mit einer luxuri\u00f6sen Kombination fortschrittlicher, innovativer Sch\u00f6nheitskomponenten, tr\u00e4gt sie dazu bei, ein jugendliches Erscheinungsbild f\u00fcr Ihre Augen zu bewahren.<\/p>\n<p><strong>Anwendung:<\/strong> Nach der Reinigung die Maske vorsichtig auf das Gesicht auftragen. Nachdem sie 10 bis 20 Minuten eingewirkt hat, die Maske entfernen und die Haut sanft reinigen.<\/p>\n<p><strong>Inhaltsstoffe: <\/strong>Wasser, Glycerin, Xanthan-Gummi, Niacinamid, Glycin, Alanin, Serin, Valin, Natriumhyaluronat, Arginin, Fols\u00e4ure, Leucin, Lysin, Serin, Linols\u00e4ure, Beta-Carotin, Valin, Prolin, Glycin, Alanin, Adenosin, Tripeptid-5, Cystein, Biotin, Methionin, Dinatrium-EDTA, Lecithin, Palmitoyl-Tripeptid-5, Resveratrol, Phenylalanin, Histidin, Phosphatgepufferte Kochsalzl\u00f6sung, Exosomextrakt, Diaminobutters\u00e4urebenzylamiddiacetat, Extrakt aus Centella-Asiatica-Bl\u00e4ttern, Kollagen, aus dem Kulturmedium von Stammzellen extrahierte Zytokine, Extrakt aus Chondrus-Crispus-Algen, Tricalciumphosphat, Calcium-D-Pantothenat.<\/p>\n","protected":false},"excerpt":{"rendered":"<p>HIGH CONCENTRATED EXOSOME MASK ist speziell gestaltet, um die empfindliche Haut um das Gesicht herum zu behandeln und das Auftreten<\/p>\n","protected":false},"featured_media":2271,"comment_status":"open","ping_status":"closed","template":"","meta":[],"product_brand":[],"product_cat":[36],"product_tag":[],"class_list":{"0":"post-2304","1":"product","2":"type-product","3":"status-publish","4":"has-post-thumbnail","6":"product_cat-haeusliche-pflege","8":"first","9":"instock","10":"shipping-taxable","11":"product-type-simple"},"_links":{"self":[{"href":"https:\/\/naturhex.com\/de\/wp-json\/wp\/v2\/product\/2304","targetHints":{"allow":["GET"]}}],"collection":[{"href":"https:\/\/naturhex.com\/de\/wp-json\/wp\/v2\/product"}],"about":[{"href":"https:\/\/naturhex.com\/de\/wp-json\/wp\/v2\/types\/product"}],"replies":[{"embeddable":true,"href":"https:\/\/naturhex.com\/de\/wp-json\/wp\/v2\/comments?post=2304"}],"version-history":[{"count":0,"href":"https:\/\/naturhex.com\/de\/wp-json\/wp\/v2\/product\/2304\/revisions"}],"wp:featuredmedia":[{"embeddable":true,"href":"https:\/\/naturhex.com\/de\/wp-json\/wp\/v2\/media\/2271"}],"wp:attachment":[{"href":"https:\/\/naturhex.com\/de\/wp-json\/wp\/v2\/media?parent=2304"}],"wp:term":[{"taxonomy":"product_brand","embeddable":true,"href":"https:\/\/naturhex.com\/de\/wp-json\/wp\/v2\/product_brand?post=2304"},{"taxonomy":"product_cat","embeddable":true,"href":"https:\/\/naturhex.com\/de\/wp-json\/wp\/v2\/product_cat?post=2304"},{"taxonomy":"product_tag","embeddable":true,"href":"https:\/\/naturhex.com\/de\/wp-json\/wp\/v2\/product_tag?post=2304"}],"curies":[{"name":"wp","href":"https:\/\/api.w.org\/{rel}","templated":true}]}}