{"id":2305,"date":"2024-02-12T13:49:20","date_gmt":"2024-02-12T13:49:20","guid":{"rendered":"https:\/\/naturhex.com\/product\/tgf-glow-mask\/"},"modified":"2024-02-12T13:49:20","modified_gmt":"2024-02-12T13:49:20","slug":"tgf-glow-mask","status":"publish","type":"product","link":"https:\/\/naturhex.com\/de\/produkt\/tgf-glow-mask\/","title":{"rendered":"TGF GLOW MASK"},"content":{"rendered":"<p>Diese Gesichtsmaske bietet verj\u00fcngende und beruhigende Eigenschaften f\u00fcr die Haut und bek\u00e4mpft effektiv Pigmentierung und Falten. Ihre Anti-Pigmentations- und Anti-Falten-Vorteile halten \u00fcber l\u00e4ngere Zeit an. Im Gegensatz zu typischen feuchtigkeitsspendenden Masken ist sie sanft genug f\u00fcr empfindliche und pigmentierte Hauttypen, ohne bestehende Bedingungen zu verschlimmern.<\/p>\n<p><strong>Anwendung:<\/strong> Nach professionellen Verfahren wie chemischen Peelings, Dermabrasion, dermalen F\u00fcllstoffen, HIFU, Mesotherapie, Microneedling, IPL, Laser-, Plasma- und RF-Behandlungen. auf gereinigte Haut auftragen. F\u00fcr einen beruhigenden Effekt die Maske etwa 15-20 Minuten im Gesicht belassen. F\u00fcr optimale Ergebnisse die Maske etwa 30-40 Minuten im Gesicht belassen.<\/p>\n<p><strong>Inhaltsstoffe: <\/strong>Wasser, Glycerin, Xanthan-Gummi, Niacinamid, Arbutin, Epidermaler Wachstumsfaktor, Wei\u00dfer Maulbeerbaumrindenextrakt (Morus Alba), Argireline \/ Hexapeptid-8,<strong>,<\/strong> Natriumhyaluronat, Linols\u00e4ure, Tripeptid-5, Dinatrium-EDTA, Lecithin, Palmitoyl-Tripeptid-5, Resveratrol, Phosphatgepufferte Kochsalzl\u00f6sung, Diaminobutters\u00e4urebenzylamiddiacetat, Kollagen, aus dem Kulturmedium von Stammzellen extrahierte Zytokine, Extrakt aus Chondrus-Crispus-Algen, Tricalciumphosphat, Calcium-D-Pantothenat.<\/p>\n","protected":false},"excerpt":{"rendered":"<p>Diese Gesichtsmaske bietet verj\u00fcngende und beruhigende Eigenschaften f\u00fcr die Haut und bek\u00e4mpft effektiv Pigmentierung und Falten. Ihre Anti-Pigmentations- und Anti-Falten-Vorteile<\/p>\n","protected":false},"featured_media":2273,"comment_status":"open","ping_status":"closed","template":"","meta":[],"product_brand":[],"product_cat":[44],"product_tag":[],"class_list":{"0":"post-2305","1":"product","2":"type-product","3":"status-publish","4":"has-post-thumbnail","6":"product_cat-peptide-factor-masks-de","8":"first","9":"instock","10":"shipping-taxable","11":"product-type-simple"},"_links":{"self":[{"href":"https:\/\/naturhex.com\/de\/wp-json\/wp\/v2\/product\/2305","targetHints":{"allow":["GET"]}}],"collection":[{"href":"https:\/\/naturhex.com\/de\/wp-json\/wp\/v2\/product"}],"about":[{"href":"https:\/\/naturhex.com\/de\/wp-json\/wp\/v2\/types\/product"}],"replies":[{"embeddable":true,"href":"https:\/\/naturhex.com\/de\/wp-json\/wp\/v2\/comments?post=2305"}],"version-history":[{"count":0,"href":"https:\/\/naturhex.com\/de\/wp-json\/wp\/v2\/product\/2305\/revisions"}],"wp:featuredmedia":[{"embeddable":true,"href":"https:\/\/naturhex.com\/de\/wp-json\/wp\/v2\/media\/2273"}],"wp:attachment":[{"href":"https:\/\/naturhex.com\/de\/wp-json\/wp\/v2\/media?parent=2305"}],"wp:term":[{"taxonomy":"product_brand","embeddable":true,"href":"https:\/\/naturhex.com\/de\/wp-json\/wp\/v2\/product_brand?post=2305"},{"taxonomy":"product_cat","embeddable":true,"href":"https:\/\/naturhex.com\/de\/wp-json\/wp\/v2\/product_cat?post=2305"},{"taxonomy":"product_tag","embeddable":true,"href":"https:\/\/naturhex.com\/de\/wp-json\/wp\/v2\/product_tag?post=2305"}],"curies":[{"name":"wp","href":"https:\/\/api.w.org\/{rel}","templated":true}]}}